{"id":1286,"date":"2015-03-02T22:58:51","date_gmt":"2015-03-02T21:58:51","guid":{"rendered":"http:\/\/www.icnp.center\/italy\/?page_id=1286"},"modified":"2021-12-02T19:32:42","modified_gmt":"2021-12-02T18:32:42","slug":"versione-2013","status":"publish","type":"page","link":"https:\/\/www.icnp.center\/italy\/versione-2013\/","title":{"rendered":"ICNP&#x2122; 2021"},"content":{"rendered":"<p><a href=\"https:\/\/i0.wp.com\/www.icnp.center\/italy\/wp-content\/uploads\/2021\/11\/ITALIAN-ICNP-CENTER.jpg\"><img data-recalc-dims=\"1\" decoding=\"async\" loading=\"lazy\" class=\"size-medium wp-image-1417 aligncenter\" src=\"https:\/\/i0.wp.com\/www.icnp.center\/italy\/wp-content\/uploads\/2021\/11\/ITALIAN-ICNP-CENTER.jpg?resize=300%2C210\" alt=\"\" width=\"300\" height=\"210\" srcset=\"https:\/\/i0.wp.com\/www.icnp.center\/italy\/wp-content\/uploads\/2021\/11\/ITALIAN-ICNP-CENTER.jpg?resize=300%2C210&amp;ssl=1 300w, https:\/\/i0.wp.com\/www.icnp.center\/italy\/wp-content\/uploads\/2021\/11\/ITALIAN-ICNP-CENTER.jpg?resize=768%2C538&amp;ssl=1 768w, https:\/\/i0.wp.com\/www.icnp.center\/italy\/wp-content\/uploads\/2021\/11\/ITALIAN-ICNP-CENTER.jpg?w=900&amp;ssl=1 900w\" sizes=\"auto, (max-width: 300px) 100vw, 300px\" \/><\/a><\/p>\n<p>(a cura di Davide Ausili)<\/p>\n<p><strong>INTERNATIONAL CLASSIFICATION FOR NURSING PRACTICE (ICNP&#x2122;)<\/strong><\/p>\n<p>L\u2019International Classification for Nursing Practice (ICNP&#x2122;) \u00e8 un linguaggio infermieristico internazionale e nel 2009 \u00e8 stato accettato ed incluso nella Famiglia delle Classificazioni Internazionali dell\u2019Organizzazione Mondiale della Sanit\u00e0 (WHO Family of International Classification). L\u2019ICNP&#x2122; \u00e8 una terminologia infermieristica standardizzata di tipo combinatorio costruita dall\u2019International Council of Nurses (ICN) nell\u2019ambito di progetto di ricerca trentennale che ha coinvolto numerosi Paesi del mondo. La terminologia ICNP&#x2122; consente di esprimere diagnosi infermieristiche, interventi infermieristici e risultati dell\u2019assistenza infermieristica facilitando anche l\u2019integrazione con il linguaggio locale e le altre terminologie esistenti.<\/p>\n<p><strong>STRUTTURA DELL\u2019ICNP&#x2122;<\/strong><\/p>\n<p>La terminologia ICNP&#x2122; \u00e8 costituita da un insieme di termini il cui impiego combinato \u00e8 utile per descrivere la pratica infermieristica in tutto il mondo. I termini ICNP sono raggruppati in 7 assi cos\u00ec da facilitare il loro impiego per costruire diagnosi, interventi e risultati infermieristici tenendo conto del contesto culturale e professionale in cui si intende applicare la terminologia. Questi sette assi sono: l\u2019asse Action, l\u2019asse Client, l\u2019asse Focus, l\u2019asse Judgement, l\u2019asse Location, l\u2019asse Means e l\u2019asse Time. I termini inclusi in questi assi sono stati valutati, definiti e validati attraverso un rigoroso processo di sviluppo della terminologia. Nelle fasi pi\u00f9 recenti, ai termini e definizioni descritti in questi assi, sono state aggiunte numerose Diagnosi, Interventi e Risultati Infermieristici Pre-Codificati poich\u00e9 frequentemente utilizzati nella pratica professionale degli infermieri.<\/p>\n<p>A seguito dell&#8217;accordo con <a href=\"http:\/\/www.icnp.center\/italy\/?page_id=1626\"><strong>SNOMED<em> International<\/em><\/strong><\/a>, avvenuto nel Settembre 2021, i termini della classificazione ICNP verranno visualizzati sotto forma di Diagnosi e Interventi.<\/p>\n<p><strong>ELEMENTI CHIAVE DELL\u2019ICNP&#x2122;<\/strong><\/p>\n<p>L\u2019ICNP si propone di favorire l\u2019espressione univoca dei tre elementi fondamentali per la descrizione della pratica professionale infermieristica (nursing clinical data):<\/p>\n<p>&#8211; Diagnosi infermieristiche (Nursing Diagnoses\/Nursing Phenomena);<\/p>\n<p>&#8211; Interventi Infermieristici (Nursing Interventions);<\/p>\n<p>&#8211; Risultati infermieristici (Nursing Outcomes).<\/p>\n<p><strong>VISION<\/strong><\/p>\n<p>L\u2019ICNP&#x2122; \u00e8 parte integrante dei sistemi informativi globali, fornisce informazioni sull\u2019assistenza sanitaria che \u00e8 fornita ai cittadini allo scopo di indirizzare le politiche sanitarie e di migliorare l\u2019assistenza in tutto il mondo.<\/p>\n<p><strong>OBIETTIVI STRATEGICI DELL\u2019ICNP&#x2122;<\/strong><\/p>\n<p>&#8211; Rappresentare una risorsa fondamentale per descrivere e definire il contributo dell\u2019assistenza infermieristica alla salute e all\u2019assistenza sanitaria in tutto il mondo.<\/p>\n<p>&#8211; Promuovere l\u2019integrazione con le altre classificazioni pi\u00f9 utilizzate in ambito sanitario e creare sinergie tra i gruppi di lavoro che sviluppano i linguaggi standardizzati in ambito sanitario e infermieristico. L\u2019ICNP&#x2122; &#8211; Rappresenta uno standard internazionale per descrivere e confrontare la pratica infermieristica.<\/p>\n<p>&#8211; Contribuisce a unificare il linguaggio infermieristico armonizzando ed integrando le terminologie infermieristiche standardizzate esistenti in un ottica internazionale. &#8211; Include e definisce i concetti utilizzati per descrivere la pratica infermieristica a livello locale, regionale, nazionale e internazionale nei diversi ambiti clinici e contesti socio-culturali.<\/p>\n<p>&#8211; Produce informazioni sulla pratica infermieristica che possono indirizzare la presa di decisioni, la formazione e le politiche sanitarie riguardo i bisogni dei pazienti, gli interventi infermieristici, i risultati di salute e l\u2019utilizzo delle risorse.<\/p>\n<p>&#8211; Facilita lo sviluppo di data-set utilizzabili nella ricerca per influenzare le politiche sanitarie tenendo conto dell\u2019assistenza infermieristica che \u00e8 necessaria per i cittadini, le famiglie e le comunit\u00e0 di tutto il mondo.<\/p>\n<p>&#8211; Facilita la comunicazione sia all\u2019interno della disciplina infermieristica che nella relazione con le altre discipline e ambiti del sapere.<\/p>\n<p>&#8211; Incoraggia gli infermieri a riflettere sulla propria pratica e stimola il miglioramento continuo della qualit\u00e0 dell\u2019assistenza infermieristica oltre che l\u2019aggiornamento professionale.<\/p>\n\n\n<p class=\"has-vivid-cyan-blue-color has-text-color wp-block-paragraph\"><strong>Esplora le versioni precedenti dell&#8217;ICNP tramite il <a href=\"https:\/\/www.icn.ch\/what-we-do\/projects\/ehealth-icnptm\/icnp-browser\"><em>Browser<\/em> <\/a>online multilingue gratuito.<\/strong><\/p>\n\n\n\n<p class=\"wp-block-paragraph\"><\/p>\n\n\n\n\n\n<p class=\"wp-block-paragraph\">I Centri di Ricerca e Sviluppo contribuiscono allo sviluppo dell&#8217;ICNP<sup>TM<\/sup> e si riuniscono all&#8217;interno di un comitato editoriale, revisionando le proposte di nuovi concetti e sostenendo a livello internazionale una diffusione strategica della terminologia. <\/p>\n\n\n\n<p class=\"has-black-color has-text-color wp-block-paragraph\">La<strong><em> richiesta di inserimento<\/em><\/strong> di nuovi concetti da includere nell&#8217;ICNP<sup>TM<\/sup> pu\u00f2 essere presentata da centri di Ricerca e Sviluppo, infermieri o da organizzazioni come le associazioni nazionali degli infermieri.<\/p>\n\n\n\n<p class=\"wp-block-paragraph\">E&#8217; possibile scaricare il modulo al seguente <a href=\"https:\/\/www.icn.ch\/what-we-do\/projects\/ehealth-icnptm\/about-icnp\">link<\/a>.<\/p>\n\n\n\n<p class=\"wp-block-paragraph\">Per presentare la tua domanda, invia il documento compilato a incp@icn.ch<\/p>","protected":false},"excerpt":{"rendered":"<p>(a cura di Davide Ausili) INTERNATIONAL CLASSIFICATION FOR NURSING PRACTICE (ICNP&#x2122;) L\u2019International Classification for Nursing Practice (ICNP&#x2122;) \u00e8 un linguaggio infermieristico internazionale e nel 2009 \u00e8 stato accettato ed incluso [&hellip;]<\/p>","protected":false},"author":1,"featured_media":0,"parent":0,"menu_order":2,"comment_status":"closed","ping_status":"closed","template":"","meta":{"nf_dc_page":"","_bbp_topic_count":0,"_bbp_reply_count":0,"_bbp_total_topic_count":0,"_bbp_total_reply_count":0,"_bbp_voice_count":0,"_bbp_anonymous_reply_count":0,"_bbp_topic_count_hidden":0,"_bbp_reply_count_hidden":0,"_bbp_forum_subforum_count":0,"_crdt_document":"","footnotes":""},"class_list":["post-1286","page","type-page","status-publish","hentry"],"jetpack_sharing_enabled":true,"_links":{"self":[{"href":"https:\/\/www.icnp.center\/italy\/wp-json\/wp\/v2\/pages\/1286","targetHints":{"allow":["GET"]}}],"collection":[{"href":"https:\/\/www.icnp.center\/italy\/wp-json\/wp\/v2\/pages"}],"about":[{"href":"https:\/\/www.icnp.center\/italy\/wp-json\/wp\/v2\/types\/page"}],"author":[{"embeddable":true,"href":"https:\/\/www.icnp.center\/italy\/wp-json\/wp\/v2\/users\/1"}],"replies":[{"embeddable":true,"href":"https:\/\/www.icnp.center\/italy\/wp-json\/wp\/v2\/comments?post=1286"}],"version-history":[{"count":32,"href":"https:\/\/www.icnp.center\/italy\/wp-json\/wp\/v2\/pages\/1286\/revisions"}],"predecessor-version":[{"id":1667,"href":"https:\/\/www.icnp.center\/italy\/wp-json\/wp\/v2\/pages\/1286\/revisions\/1667"}],"wp:attachment":[{"href":"https:\/\/www.icnp.center\/italy\/wp-json\/wp\/v2\/media?parent=1286"}],"curies":[{"name":"wp","href":"https:\/\/api.w.org\/{rel}","templated":true}]}}